{"id":2,"date":"2016-05-16T21:18:43","date_gmt":"2016-05-16T21:18:43","guid":{"rendered":"http:\/\/lizzytravel.com\/sitio\/?page_id=2"},"modified":"2021-01-09T18:20:05","modified_gmt":"2021-01-09T18:20:05","slug":"sample-page","status":"publish","type":"page","link":"https:\/\/lizzytravel.com\/sitio\/","title":{"rendered":"INICIO"},"content":{"rendered":"<p>[et_pb_section fb_built=\u00bb1&#8243; fullwidth=\u00bbon\u00bb admin_label=\u00bbHero Section\u00bb _builder_version=\u00bb4.7.5&#8243; background_color=\u00bbrgba(255,255,255,0.7)\u00bb animation_style=\u00bbzoom\u00bb animation_direction=\u00bbbottom\u00bb animation_intensity_zoom=\u00bb4%\u00bb box_shadow_style=\u00bbpreset3&#8243;][et_pb_fullwidth_slider _builder_version=\u00bb4.7.5&#8243; _module_preset=\u00bbdefault\u00bb animation_style=\u00bbfade\u00bb auto=\u00bbon\u00bb auto_ignore_hover=\u00bbon\u00bb][et_pb_slide heading=\u00bbVIAJA A CUALQUIER DESTINO\u00bb use_bg_overlay=\u00bbon\u00bb _builder_version=\u00bb4.7.5&#8243; _module_preset=\u00bbdefault\u00bb header_font=\u00bb|700|||||||\u00bb background_enable_color=\u00bboff\u00bb background_image=\u00bbhttp:\/\/lizzytravel.com\/sitio\/wp-content\/uploads\/2020\/12\/beach-1867271_1920.jpg\u00bb background_enable_image=\u00bbon\u00bb header_text_shadow_style=\u00bbpreset1&#8243; sticky_transition=\u00bbon\u00bb]<\/p>\n<p>TU LO SUE\u00d1AS Y <strong>NOSOTROS LO HACEMOS REALIDAD<\/strong><\/p>\n<p>[\/et_pb_slide][et_pb_slide heading=\u00bbBODAS DE DESTINO\u00bb use_bg_overlay=\u00bbon\u00bb _builder_version=\u00bb4.7.5&#8243; _module_preset=\u00bbdefault\u00bb header_font=\u00bb|700|||||||\u00bb body_font=\u00bb||||||||\u00bb background_enable_color=\u00bboff\u00bb background_image=\u00bbhttp:\/\/lizzytravel.com\/sitio\/wp-content\/uploads\/2020\/12\/hero_bg2.jpg\u00bb background_enable_image=\u00bbon\u00bb header_text_shadow_style=\u00bbpreset1&#8243; body_text_shadow_style=\u00bbpreset1&#8243; sticky_transition=\u00bbon\u00bb]<\/p>\n<p>REALIZA UN <strong>EVENTO INOLVIDABLE<\/strong><\/p>\n<p>[\/et_pb_slide][et_pb_slide heading=\u00bbVIAJES DE GRADUACI\u00d3N\u00bb use_bg_overlay=\u00bbon\u00bb _builder_version=\u00bb4.7.5&#8243; _module_preset=\u00bbdefault\u00bb header_font=\u00bb|700|||||||\u00bb body_font=\u00bb||||||||\u00bb background_enable_color=\u00bboff\u00bb background_image=\u00bbhttp:\/\/lizzytravel.com\/sitio\/wp-content\/uploads\/2020\/12\/graduacion2.jpg\u00bb background_enable_image=\u00bbon\u00bb header_text_shadow_style=\u00bbpreset1&#8243; body_text_shadow_style=\u00bbpreset1&#8243; sticky_transition=\u00bbon\u00bb]<\/p>\n<p>FESTEJA Y CELEBRA<strong> CON TUS AMIGOS<\/strong><\/p>\n<p>[\/et_pb_slide][\/et_pb_fullwidth_slider][\/et_pb_section][et_pb_section fb_built=\u00bb1&#8243; admin_label=\u00bbOur Story Section\u00bb _builder_version=\u00bb3.22&#8243; custom_padding=\u00bb35px||1px|||\u00bb][et_pb_row _builder_version=\u00bb4.7.5&#8243; _module_preset=\u00bbdefault\u00bb][et_pb_column type=\u00bb4_4&#8243; _builder_version=\u00bb4.7.5&#8243; _module_preset=\u00bbdefault\u00bb][et_pb_text _builder_version=\u00bb4.7.5&#8243; text_font=\u00bbComfortaa||||\u00bb text_text_color=\u00bb#fc8f18&#8243; text_font_size=\u00bb24px\u00bb text_line_height=\u00bb1.8em\u00bb background_size=\u00bbinitial\u00bb background_position=\u00bbtop_left\u00bb background_repeat=\u00bbrepeat\u00bb custom_padding=\u00bb|||\u00bb animation_style=\u00bbslide\u00bb animation_direction=\u00bbtop\u00bb animation_delay=\u00bb50ms\u00bb animation_intensity_slide=\u00bb10%\u00bb]<\/p>\n<h2 style=\"text-align: center;\"><span style=\"color: #0f1c61;\">Somos <strong>m\u00e1s que una agencia de viajes<\/strong>, tenemos la mejor opci\u00f3n para que<br \/> tu<strong> viaje o evento<\/strong> sean un \u00e9xito.<\/span><\/h2>\n<p>[\/et_pb_text][\/et_pb_column][\/et_pb_row][et_pb_row column_structure=\u00bb1_2,1_2&#8243; admin_label=\u00bbOur Story\u00bb _builder_version=\u00bb3.25&#8243; background_size=\u00bbinitial\u00bb background_position=\u00bbtop_left\u00bb background_repeat=\u00bbrepeat\u00bb][et_pb_column type=\u00bb1_2&#8243; _builder_version=\u00bb3.25&#8243; custom_padding=\u00bb|||\u00bb custom_padding__hover=\u00bb|||\u00bb][et_pb_text _builder_version=\u00bb4.7.5&#8243; text_font=\u00bbOpen Sans||||\u00bb text_text_color=\u00bbrgba(68,66,53,0.8)\u00bb text_font_size=\u00bb17px\u00bb text_line_height=\u00bb1.9em\u00bb background_size=\u00bbinitial\u00bb background_position=\u00bbtop_left\u00bb background_repeat=\u00bbrepeat\u00bb custom_padding=\u00bb|||\u00bb animation_style=\u00bbslide\u00bb animation_direction=\u00bbleft\u00bb animation_delay=\u00bb100ms\u00bb animation_intensity_slide=\u00bb5%\u00bb]<\/p>\n<p style=\"text-align: right;\">Te asesoramos de una manera integral con las mejores opciones y planes que se adapten a tu presupuesto y necesidades.<\/p>\n<p>[\/et_pb_text][\/et_pb_column][et_pb_column type=\u00bb1_2&#8243; _builder_version=\u00bb3.25&#8243; custom_padding=\u00bb|||\u00bb custom_padding__hover=\u00bb|||\u00bb][et_pb_text _builder_version=\u00bb4.7.5&#8243; text_font=\u00bbOpen Sans||||\u00bb text_text_color=\u00bbrgba(68,66,53,0.8)\u00bb text_font_size=\u00bb17px\u00bb text_line_height=\u00bb1.9em\u00bb background_size=\u00bbinitial\u00bb background_position=\u00bbtop_left\u00bb background_repeat=\u00bbrepeat\u00bb custom_padding=\u00bb|||\u00bb animation_style=\u00bbslide\u00bb animation_direction=\u00bbright\u00bb animation_delay=\u00bb100ms\u00bb animation_intensity_slide=\u00bb5%\u00bb]<\/p>\n<p style=\"text-align: left;\">Tenemos convenio con los mejores hoteles y destinos tur\u00edsticos de M\u00e9xico, para que tu viaje y\/o evento sean perfectos de principio a fin.<\/p>\n<p>[\/et_pb_text][\/et_pb_column][\/et_pb_row][\/et_pb_section][et_pb_section fb_built=\u00bb1&#8243; prev_background_color=\u00bb#ffffff\u00bb _builder_version=\u00bb4.7.5&#8243; _module_preset=\u00bbdefault\u00bb background_color=\u00bbrgba(209,197,186,0.16)\u00bb top_divider_style=\u00bbcurve\u00bb top_divider_height=\u00bb203px\u00bb top_divider_flip=\u00bbvertical\u00bb][et_pb_row column_structure=\u00bb1_3,1_3,1_3&#8243; _builder_version=\u00bb4.7.5&#8243; _module_preset=\u00bbdefault\u00bb][et_pb_column type=\u00bb1_3&#8243; _builder_version=\u00bb4.7.5&#8243; _module_preset=\u00bbdefault\u00bb][et_pb_image src=\u00bbhttp:\/\/lizzytravel.com\/sitio\/wp-content\/uploads\/2016\/05\/WhatsApp-Image-2020-10-29-at-1.06.41-PM-1.jpeg\u00bb title_text=\u00bbWhatsApp Image 2020-10-29 at 1.06.41 PM (1)\u00bb url=\u00bbhttp:\/\/lizzytravel.com\/sitio\/reservaciones\/\u00bb _builder_version=\u00bb4.7.5&#8243; _module_preset=\u00bbdefault\u00bb animation_style=\u00bbslide\u00bb animation_direction=\u00bbleft\u00bb box_shadow_style=\u00bbpreset3&#8243;][\/et_pb_image][et_pb_text _builder_version=\u00bb4.7.5&#8243; _module_preset=\u00bbdefault\u00bb text_text_color=\u00bb#0f1c61&#8243; link_option_url=\u00bbhttp:\/\/lizzytravel.com\/sitio\/reservaciones\/\u00bb]<\/p>\n<p style=\"text-align: center;\"><strong>RESERVACIONES INDIVIDUALES<\/strong><\/p>\n<p>[\/et_pb_text][et_pb_text _builder_version=\u00bb4.7.5&#8243; _module_preset=\u00bbdefault\u00bb]<\/p>\n<p style=\"text-align: justify;\">Viaja a cualquier destino tur\u00edstico: Playa, Cultura, Religi\u00f3n, Salud, Aventura &amp; Negocios.<\/p>\n<p>[\/et_pb_text][et_pb_button button_url=\u00bbhttp:\/\/lizzytravel.com\/sitio\/reservaciones\/\u00bb button_text=\u00bbRESERVAR\u00bb button_alignment=\u00bbcenter\u00bb _builder_version=\u00bb4.7.5&#8243; _module_preset=\u00bbdefault\u00bb custom_button=\u00bbon\u00bb button_text_size=\u00bb14px\u00bb button_text_color=\u00bb#ffffff\u00bb button_bg_color=\u00bb#0f1c61&#8243; button_border_radius=\u00bb0px\u00bb][\/et_pb_button][et_pb_divider _builder_version=\u00bb4.7.5&#8243; _module_preset=\u00bbdefault\u00bb][\/et_pb_divider][\/et_pb_column][et_pb_column type=\u00bb1_3&#8243; _builder_version=\u00bb4.7.5&#8243; _module_preset=\u00bbdefault\u00bb][et_pb_image src=\u00bbhttp:\/\/lizzytravel.com\/sitio\/wp-content\/uploads\/2016\/05\/WhatsApp-Image-2020-10-28-at-12.41.20-PM-2.jpeg\u00bb title_text=\u00bbWhatsApp Image 2020-10-28 at 12.41.20 PM (2)\u00bb url=\u00bbhttp:\/\/lizzytravel.com\/sitio\/reservaciones\/\u00bb _builder_version=\u00bb4.7.5&#8243; _module_preset=\u00bbdefault\u00bb animation_style=\u00bbfade\u00bb box_shadow_style=\u00bbpreset3&#8243;][\/et_pb_image][et_pb_text _builder_version=\u00bb4.7.5&#8243; _module_preset=\u00bbdefault\u00bb text_text_color=\u00bb#0f1c61&#8243; link_option_url=\u00bbhttp:\/\/lizzytravel.com\/sitio\/reservaciones\/\u00bb]<\/p>\n<p style=\"text-align: center;\"><strong>GRUPOS VACACIONISTAS<\/strong><\/p>\n<p>[\/et_pb_text][et_pb_text _builder_version=\u00bb4.7.5&#8243; _module_preset=\u00bbdefault\u00bb]<\/p>\n<p style=\"text-align: justify;\">Re\u00fane un m\u00ednimo de 10 habitaciones y comparte experiencias con tu grupo de amigos y\/o familia.<\/p>\n<p>[\/et_pb_text][et_pb_button button_url=\u00bbhttp:\/\/lizzytravel.com\/sitio\/reservaciones\/\u00bb button_text=\u00bbRESERVAR\u00bb button_alignment=\u00bbcenter\u00bb _builder_version=\u00bb4.7.5&#8243; _module_preset=\u00bbdefault\u00bb custom_button=\u00bbon\u00bb button_text_size=\u00bb14px\u00bb button_text_color=\u00bb#ffffff\u00bb button_bg_color=\u00bb#0f1c61&#8243; button_border_radius=\u00bb0px\u00bb][\/et_pb_button][et_pb_divider _builder_version=\u00bb4.7.5&#8243; _module_preset=\u00bbdefault\u00bb][\/et_pb_divider][\/et_pb_column][et_pb_column type=\u00bb1_3&#8243; _builder_version=\u00bb4.7.5&#8243; _module_preset=\u00bbdefault\u00bb][et_pb_image src=\u00bbhttp:\/\/lizzytravel.com\/sitio\/wp-content\/uploads\/2020\/10\/WhatsApp-Image-2020-10-28-at-12.41.20-PM.jpeg\u00bb title_text=\u00bbWhatsApp Image 2020-10-28 at 12.41.20 PM\u00bb url=\u00bbhttp:\/\/lizzytravel.com\/sitio\/reservaciones\/\u00bb _builder_version=\u00bb4.7.5&#8243; _module_preset=\u00bbdefault\u00bb animation_style=\u00bbslide\u00bb animation_direction=\u00bbright\u00bb box_shadow_style=\u00bbpreset3&#8243;][\/et_pb_image][et_pb_text _builder_version=\u00bb4.7.5&#8243; _module_preset=\u00bbdefault\u00bb text_text_color=\u00bb#0f1c61&#8243; link_option_url=\u00bbhttp:\/\/lizzytravel.com\/sitio\/reservaciones\/\u00bb]<\/p>\n<p style=\"text-align: center;\"><strong>GRUPOS DE CONVENCI\u00d3N<\/strong><\/p>\n<p>[\/et_pb_text][et_pb_text _builder_version=\u00bb4.7.5&#8243; _module_preset=\u00bbdefault\u00bb]<\/p>\n<p>Servicios integrales, te ofrecemos:<\/p>\n<p>Transportaci\u00f3n<br \/> Hospedaje<br \/> Producci\u00f3n<br \/> Actividades de Team Building<br \/> Fiestas tem\u00e1ticas<br \/> Tours<br \/> Souvenirs<br \/> Amenidades en habitaciones<\/p>\n<p>[\/et_pb_text][et_pb_button button_url=\u00bbhttp:\/\/lizzytravel.com\/sitio\/reservaciones\/\u00bb button_text=\u00bbRESERVAR\u00bb button_alignment=\u00bbcenter\u00bb _builder_version=\u00bb4.7.5&#8243; _module_preset=\u00bbdefault\u00bb custom_button=\u00bbon\u00bb button_text_size=\u00bb14px\u00bb button_text_color=\u00bb#ffffff\u00bb button_bg_color=\u00bb#0f1c61&#8243; button_border_radius=\u00bb0px\u00bb][\/et_pb_button][et_pb_divider _builder_version=\u00bb4.7.5&#8243; _module_preset=\u00bbdefault\u00bb][\/et_pb_divider][\/et_pb_column][\/et_pb_row][et_pb_row column_structure=\u00bb1_3,1_3,1_3&#8243; _builder_version=\u00bb4.7.5&#8243; _module_preset=\u00bbdefault\u00bb][et_pb_column type=\u00bb1_3&#8243; _builder_version=\u00bb4.7.5&#8243; _module_preset=\u00bbdefault\u00bb][et_pb_image src=\u00bbhttp:\/\/lizzytravel.com\/sitio\/wp-content\/uploads\/2016\/05\/WhatsApp-Image-2020-10-28-at-12.41.20-PM-1.jpeg\u00bb title_text=\u00bbWhatsApp Image 2020-10-28 at 12.41.20 PM (1)\u00bb url=\u00bbhttp:\/\/lizzytravel.com\/sitio\/reservaciones\/\u00bb _builder_version=\u00bb4.7.5&#8243; _module_preset=\u00bbdefault\u00bb animation_style=\u00bbslide\u00bb animation_direction=\u00bbleft\u00bb box_shadow_style=\u00bbpreset3&#8243;][\/et_pb_image][et_pb_text _builder_version=\u00bb4.7.5&#8243; _module_preset=\u00bbdefault\u00bb text_text_color=\u00bb#0f1c61&#8243; link_option_url=\u00bbhttp:\/\/lizzytravel.com\/sitio\/reservaciones\/\u00bb]<\/p>\n<p style=\"text-align: center;\"><strong>VIAJES DE GRADUACI\u00d3N<\/strong><\/p>\n<p>[\/et_pb_text][et_pb_text _builder_version=\u00bb4.7.5&#8243; _module_preset=\u00bbdefault\u00bb]<\/p>\n<p style=\"text-align: justify;\">Festeja con tus amigos y dile adi\u00f3s a la escuela para empezar tu proyecto profesional.<\/p>\n<p>[\/et_pb_text][et_pb_button button_url=\u00bbhttp:\/\/lizzytravel.com\/sitio\/reservaciones\/\u00bb button_text=\u00bbRESERVAR\u00bb button_alignment=\u00bbcenter\u00bb _builder_version=\u00bb4.7.5&#8243; _module_preset=\u00bbdefault\u00bb custom_button=\u00bbon\u00bb button_text_size=\u00bb14px\u00bb button_text_color=\u00bb#ffffff\u00bb button_bg_color=\u00bb#0f1c61&#8243; button_border_radius=\u00bb0px\u00bb][\/et_pb_button][et_pb_divider _builder_version=\u00bb4.7.5&#8243; _module_preset=\u00bbdefault\u00bb][\/et_pb_divider][\/et_pb_column][et_pb_column type=\u00bb1_3&#8243; _builder_version=\u00bb4.7.5&#8243; _module_preset=\u00bbdefault\u00bb][et_pb_image src=\u00bbhttp:\/\/lizzytravel.com\/sitio\/wp-content\/uploads\/2016\/05\/WhatsApp-Image-2020-10-28-at-12.41.21-PM.jpeg\u00bb title_text=\u00bbWhatsApp Image 2020-10-28 at 12.41.21 PM\u00bb url=\u00bbhttp:\/\/lizzytravel.com\/sitio\/reservaciones\/\u00bb _builder_version=\u00bb4.7.5&#8243; _module_preset=\u00bbdefault\u00bb animation_style=\u00bbfade\u00bb box_shadow_style=\u00bbpreset3&#8243;][\/et_pb_image][et_pb_text _builder_version=\u00bb4.7.5&#8243; _module_preset=\u00bbdefault\u00bb text_text_color=\u00bb#0f1c61&#8243; link_option_url=\u00bbhttp:\/\/lizzytravel.com\/sitio\/reservaciones\/\u00bb]<\/p>\n<p style=\"text-align: center;\"><strong>BODAS<\/strong><\/p>\n<p>[\/et_pb_text][et_pb_text _builder_version=\u00bb4.7.5&#8243; _module_preset=\u00bbdefault\u00bb]<\/p>\n<p style=\"text-align: justify;\">Disfruta de tu evento, se parte de los invitados y deja en manos de profesionales la coordinaci\u00f3n, tu boda ser\u00e1 todo un \u00e9xito<\/p>\n<p>[\/et_pb_text][et_pb_button button_url=\u00bbhttp:\/\/lizzytravel.com\/sitio\/reservaciones\/\u00bb button_text=\u00bbRESERVAR\u00bb button_alignment=\u00bbcenter\u00bb _builder_version=\u00bb4.7.5&#8243; _module_preset=\u00bbdefault\u00bb custom_button=\u00bbon\u00bb button_text_size=\u00bb14px\u00bb button_text_color=\u00bb#ffffff\u00bb button_bg_color=\u00bb#0f1c61&#8243; button_border_radius=\u00bb0px\u00bb][\/et_pb_button][et_pb_divider _builder_version=\u00bb4.7.5&#8243; _module_preset=\u00bbdefault\u00bb][\/et_pb_divider][\/et_pb_column][et_pb_column type=\u00bb1_3&#8243; _builder_version=\u00bb4.7.5&#8243; _module_preset=\u00bbdefault\u00bb][et_pb_image src=\u00bbhttp:\/\/lizzytravel.com\/sitio\/wp-content\/uploads\/2016\/05\/Sprinter-.jpeg\u00bb title_text=\u00bbSprinter\u00bb url=\u00bbhttp:\/\/lizzytravel.com\/sitio\/reservaciones\/\u00bb _builder_version=\u00bb4.7.5&#8243; _module_preset=\u00bbdefault\u00bb animation_style=\u00bbslide\u00bb animation_direction=\u00bbright\u00bb box_shadow_style=\u00bbpreset3&#8243;][\/et_pb_image][et_pb_text _builder_version=\u00bb4.7.5&#8243; _module_preset=\u00bbdefault\u00bb text_text_color=\u00bb#0f1c61&#8243; link_option_url=\u00bbhttp:\/\/lizzytravel.com\/sitio\/reservaciones\/\u00bb]<\/p>\n<p style=\"text-align: center;\"><strong>TRANSPORTACI\u00d3N<\/strong><\/p>\n<p>[\/et_pb_text][et_pb_text _builder_version=\u00bb4.7.5&#8243; _module_preset=\u00bbdefault\u00bb hover_enabled=\u00bb0&#8243; sticky_enabled=\u00bb0&#8243;]<\/p>\n<p style=\"text-align: justify;\">Contamos con servicio de transportaci\u00f3n terrestre privada a tu disposici\u00f3n con chofer incluido.<\/p>\n<p>[\/et_pb_text][et_pb_button button_url=\u00bbhttp:\/\/lizzytravel.com\/sitio\/reservaciones\/\u00bb button_text=\u00bbRESERVAR\u00bb button_alignment=\u00bbcenter\u00bb _builder_version=\u00bb4.7.5&#8243; _module_preset=\u00bbdefault\u00bb custom_button=\u00bbon\u00bb button_text_size=\u00bb14px\u00bb button_text_color=\u00bb#ffffff\u00bb button_bg_color=\u00bb#0f1c61&#8243; button_border_radius=\u00bb0px\u00bb][\/et_pb_button][et_pb_divider _builder_version=\u00bb4.7.5&#8243; _module_preset=\u00bbdefault\u00bb][\/et_pb_divider][\/et_pb_column][\/et_pb_row][\/et_pb_section][et_pb_section fb_built=\u00bb1&#8243; _builder_version=\u00bb4.7.5&#8243; _module_preset=\u00bbdefault\u00bb background_color=\u00bb#fc8f18&#8243; custom_padding=\u00bb12px||9px|||\u00bb top_divider_style=\u00bbslant2&#8243; top_divider_color=\u00bbrgba(0,0,0,0)\u00bb][et_pb_row _builder_version=\u00bb4.7.5&#8243; _module_preset=\u00bbdefault\u00bb][et_pb_column type=\u00bb4_4&#8243; _builder_version=\u00bb4.7.5&#8243; _module_preset=\u00bbdefault\u00bb][et_pb_text _builder_version=\u00bb4.7.5&#8243; _module_preset=\u00bbdefault\u00bb background_layout=\u00bbdark\u00bb custom_padding=\u00bb1px|||||\u00bb animation_style=\u00bbzoom\u00bb text_text_shadow_style=\u00bbpreset1&#8243;]<\/p>\n<h3 style=\"text-align: center;\">Momentos para recordar <strong>por siempre<\/strong><\/h3>\n<p>[\/et_pb_text][\/et_pb_column][\/et_pb_row][\/et_pb_section][et_pb_section fb_built=\u00bb1&#8243; admin_label=\u00bbVideo Section\u00bb _builder_version=\u00bb3.22&#8243; custom_padding=\u00bb0px||0px|\u00bb][et_pb_row use_custom_gutter=\u00bbon\u00bb gutter_width=\u00bb1&#8243; admin_label=\u00bbVideo Area\u00bb module_class=\u00bb et_pb_row_fullwidth\u00bb _builder_version=\u00bb3.25&#8243; background_size=\u00bbinitial\u00bb background_position=\u00bbtop_left\u00bb background_repeat=\u00bbrepeat\u00bb width=\u00bb100%\u00bb width_tablet=\u00bb100%\u00bb width_phone=\u00bb\u00bb width_last_edited=\u00bbon|desktop\u00bb max_width=\u00bb100%\u00bb max_width_tablet=\u00bb100%\u00bb max_width_phone=\u00bb\u00bb max_width_last_edited=\u00bbon|desktop\u00bb custom_padding=\u00bb0px||0px|\u00bb make_fullwidth=\u00bbon\u00bb][et_pb_column type=\u00bb4_4&#8243; _builder_version=\u00bb3.25&#8243; custom_padding=\u00bb|||\u00bb custom_padding__hover=\u00bb|||\u00bb][et_pb_video src=\u00bbhttp:\/\/lizzytravel.com\/sitio\/wp-content\/uploads\/2020\/12\/bodas.mp4&#8243; image_src=\u00bbhttp:\/\/lizzytravel.com\/sitio\/wp-content\/uploads\/2020\/12\/bloom-1836315_1920.jpg\u00bb play_icon_color=\u00bb#ffffff\u00bb thumbnail_overlay_color=\u00bbrgba(0,0,0,0.6)\u00bb _builder_version=\u00bb4.7.5&#8243;][\/et_pb_video][\/et_pb_column][\/et_pb_row][\/et_pb_section]<\/p>\n","protected":false},"excerpt":{"rendered":"<p>TU LO SUE\u00d1AS Y NOSOTROS LO HACEMOS REALIDADREALIZA UN EVENTO INOLVIDABLEFESTEJA Y CELEBRA CON TUS AMIGOSSomos m\u00e1s que una agencia de viajes, tenemos la mejor opci\u00f3n para que tu viaje o evento sean un \u00e9xito.Te asesoramos de una manera integral con las mejores opciones y planes que se adapten a tu presupuesto y necesidades.Tenemos convenio [&hellip;]<\/p>\n","protected":false},"author":3,"featured_media":0,"parent":0,"menu_order":0,"comment_status":"closed","ping_status":"open","template":"","meta":{"_et_pb_use_builder":"on","_et_pb_old_content":"<p style=\"text-align: center;\">\u00a0<\/p><p style=\"text-align: center;\">\u00a0<\/p><p>[widgetkit id=\"2\" name=\"links servicios inicio\"]<\/p>","_et_gb_content_width":"","footnotes":""},"class_list":["post-2","page","type-page","status-publish","hentry"],"_links":{"self":[{"href":"https:\/\/lizzytravel.com\/sitio\/wp-json\/wp\/v2\/pages\/2","targetHints":{"allow":["GET"]}}],"collection":[{"href":"https:\/\/lizzytravel.com\/sitio\/wp-json\/wp\/v2\/pages"}],"about":[{"href":"https:\/\/lizzytravel.com\/sitio\/wp-json\/wp\/v2\/types\/page"}],"author":[{"embeddable":true,"href":"https:\/\/lizzytravel.com\/sitio\/wp-json\/wp\/v2\/users\/3"}],"replies":[{"embeddable":true,"href":"https:\/\/lizzytravel.com\/sitio\/wp-json\/wp\/v2\/comments?post=2"}],"version-history":[{"count":81,"href":"https:\/\/lizzytravel.com\/sitio\/wp-json\/wp\/v2\/pages\/2\/revisions"}],"predecessor-version":[{"id":418,"href":"https:\/\/lizzytravel.com\/sitio\/wp-json\/wp\/v2\/pages\/2\/revisions\/418"}],"wp:attachment":[{"href":"https:\/\/lizzytravel.com\/sitio\/wp-json\/wp\/v2\/media?parent=2"}],"curies":[{"name":"wp","href":"https:\/\/api.w.org\/{rel}","templated":true}]}}