{"id":62,"date":"2020-10-09T22:05:40","date_gmt":"2020-10-09T22:05:40","guid":{"rendered":"http:\/\/lizzytravel.com\/sitio\/?page_id=62"},"modified":"2020-12-14T00:18:08","modified_gmt":"2020-12-14T00:18:08","slug":"bodas-de-destino","status":"publish","type":"page","link":"https:\/\/lizzytravel.com\/sitio\/bodas-de-destino\/","title":{"rendered":"BODAS DE DESTINO"},"content":{"rendered":"<p>[et_pb_section fb_built=\u00bb1&#8243; fullwidth=\u00bbon\u00bb _builder_version=\u00bb4.7.5&#8243; _module_preset=\u00bbdefault\u00bb animation_style=\u00bbfade\u00bb box_shadow_style=\u00bbpreset3&#8243;][et_pb_fullwidth_slider _builder_version=\u00bb4.7.5&#8243; _module_preset=\u00bbdefault\u00bb][et_pb_slide heading=\u00bbBODAS DE DESTINO\u00bb video_url=\u00bbhttp:\/\/lizzytravel.com\/sitio\/wp-content\/uploads\/2020\/12\/bodas.mp4&#8243; _builder_version=\u00bb4.7.5&#8243; _module_preset=\u00bbdefault\u00bb header_font=\u00bb|700|||||||\u00bb background_enable_color=\u00bboff\u00bb background_image=\u00bbhttp:\/\/lizzytravel.com\/sitio\/wp-content\/uploads\/2020\/12\/bloom-1836315_1920.jpg\u00bb background_enable_image=\u00bbon\u00bb header_text_shadow_style=\u00bbpreset1&#8243; body_text_shadow_style=\u00bbpreset1&#8243; sticky_transition=\u00bbon\u00bb]<\/p>\n<p>UN MOMENTO <strong>INOLVIDABLE<\/strong><\/p>\n<p>[\/et_pb_slide][\/et_pb_fullwidth_slider][\/et_pb_section][et_pb_section fb_built=\u00bb1&#8243; admin_label=\u00bbOur Story Section\u00bb _builder_version=\u00bb3.22&#8243; custom_padding=\u00bb35px||1px|||\u00bb][et_pb_row _builder_version=\u00bb4.7.5&#8243; _module_preset=\u00bbdefault\u00bb][et_pb_column type=\u00bb4_4&#8243; _builder_version=\u00bb4.7.5&#8243; _module_preset=\u00bbdefault\u00bb][et_pb_text _builder_version=\u00bb4.7.5&#8243; text_font=\u00bbComfortaa||||\u00bb text_text_color=\u00bb#fc8f18&#8243; text_font_size=\u00bb24px\u00bb text_line_height=\u00bb1.8em\u00bb background_size=\u00bbinitial\u00bb background_position=\u00bbtop_left\u00bb background_repeat=\u00bbrepeat\u00bb custom_padding=\u00bb|||\u00bb animation_style=\u00bbslide\u00bb animation_direction=\u00bbtop\u00bb animation_delay=\u00bb50ms\u00bb animation_intensity_slide=\u00bb10%\u00bb]<\/p>\n<h2 style=\"text-align: center;\"><span style=\"color: #0f1c61;\"><strong>Disfruta de tu evento, <\/strong>se parte de los <strong>invitados<\/strong> y deja en manos de <strong>profesionales<\/strong> la coordinaci\u00f3n, tu boda <strong>ser\u00e1 todo un \u00e9xito.<\/strong><\/span><\/h2>\n<p>[\/et_pb_text][\/et_pb_column][\/et_pb_row][\/et_pb_section][et_pb_section fb_built=\u00bb1&#8243; _builder_version=\u00bb4.7.5&#8243; _module_preset=\u00bbdefault\u00bb background_color=\u00bb#eeeeee\u00bb top_divider_style=\u00bbcurve2&#8243; top_divider_color=\u00bb#ffffff\u00bb top_divider_flip=\u00bbvertical\u00bb][et_pb_row column_structure=\u00bb3_5,2_5&#8243; _builder_version=\u00bb4.7.5&#8243; _module_preset=\u00bbdefault\u00bb][et_pb_column type=\u00bb3_5&#8243; _builder_version=\u00bb4.7.5&#8243; _module_preset=\u00bbdefault\u00bb][et_pb_video src=\u00bbhttp:\/\/lizzytravel.com\/sitio\/wp-content\/uploads\/2020\/12\/bodakristelalejandro.mp4&#8243; _builder_version=\u00bb4.7.5&#8243; _module_preset=\u00bbdefault\u00bb hover_enabled=\u00bb0&#8243; box_shadow_style=\u00bbpreset2&#8243; title_text=\u00bbbodakristelalejandro\u00bb sticky_enabled=\u00bb0&#8243;][\/et_pb_video][\/et_pb_column][et_pb_column type=\u00bb2_5&#8243; _builder_version=\u00bb4.7.5&#8243; _module_preset=\u00bbdefault\u00bb][et_pb_video src=\u00bbhttp:\/\/lizzytravel.com\/sitio\/wp-content\/uploads\/2020\/12\/mr.mp4&#8243; _builder_version=\u00bb4.7.5&#8243; _module_preset=\u00bbdefault\u00bb hover_enabled=\u00bb0&#8243; box_shadow_style=\u00bbpreset2&#8243; title_text=\u00bbmr\u00bb sticky_enabled=\u00bb0&#8243;][\/et_pb_video][et_pb_video src=\u00bbhttp:\/\/lizzytravel.com\/sitio\/wp-content\/uploads\/2020\/12\/bodajessimanolo.mp4&#8243; _builder_version=\u00bb4.7.5&#8243; _module_preset=\u00bbdefault\u00bb hover_enabled=\u00bb0&#8243; box_shadow_style=\u00bbpreset2&#8243; title_text=\u00bbbodajessimanolo\u00bb sticky_enabled=\u00bb0&#8243;][\/et_pb_video][\/et_pb_column][\/et_pb_row][\/et_pb_section]<\/p>\n","protected":false},"excerpt":{"rendered":"<p>UN MOMENTO INOLVIDABLEDisfruta de tu evento, se parte de los invitados y deja en manos de profesionales la coordinaci\u00f3n, tu boda ser\u00e1 todo un \u00e9xito.<\/p>\n","protected":false},"author":3,"featured_media":0,"parent":0,"menu_order":0,"comment_status":"closed","ping_status":"closed","template":"","meta":{"_et_pb_use_builder":"on","_et_pb_old_content":"<p>[video width=\"638\" height=\"856\" mp4=\"http:\/\/lizzytravel.com\/sitio\/wp-content\/uploads\/2020\/10\/VIDEO-MR-2020.mp4\"][\/video]<\/p><p>[video width=\"1280\" height=\"640\" mp4=\"http:\/\/lizzytravel.com\/sitio\/wp-content\/uploads\/2020\/10\/Bodavideo.mp4\"][\/video]<\/p><p>[video width=\"1920\" height=\"1080\" mp4=\"http:\/\/lizzytravel.com\/sitio\/wp-content\/uploads\/2020\/10\/Boda-destino.mp4\"][\/video]<\/p><p>[video width=\"400\" height=\"400\" mp4=\"http:\/\/lizzytravel.com\/sitio\/wp-content\/uploads\/2020\/10\/Boda-Jessi-y-Manolo.mp4\"][\/video]<\/p><p>\u00a0<\/p><p>[video width=\"852\" height=\"480\" mp4=\"http:\/\/lizzytravel.com\/sitio\/wp-content\/uploads\/2020\/10\/Boda-de-kristel-y-alejandro.mp4\"][\/video]<\/p><p><strong><em>\u00a0<\/em><\/strong><\/p>","_et_gb_content_width":"","footnotes":""},"class_list":["post-62","page","type-page","status-publish","hentry"],"_links":{"self":[{"href":"https:\/\/lizzytravel.com\/sitio\/wp-json\/wp\/v2\/pages\/62","targetHints":{"allow":["GET"]}}],"collection":[{"href":"https:\/\/lizzytravel.com\/sitio\/wp-json\/wp\/v2\/pages"}],"about":[{"href":"https:\/\/lizzytravel.com\/sitio\/wp-json\/wp\/v2\/types\/page"}],"author":[{"embeddable":true,"href":"https:\/\/lizzytravel.com\/sitio\/wp-json\/wp\/v2\/users\/3"}],"replies":[{"embeddable":true,"href":"https:\/\/lizzytravel.com\/sitio\/wp-json\/wp\/v2\/comments?post=62"}],"version-history":[{"count":31,"href":"https:\/\/lizzytravel.com\/sitio\/wp-json\/wp\/v2\/pages\/62\/revisions"}],"predecessor-version":[{"id":326,"href":"https:\/\/lizzytravel.com\/sitio\/wp-json\/wp\/v2\/pages\/62\/revisions\/326"}],"wp:attachment":[{"href":"https:\/\/lizzytravel.com\/sitio\/wp-json\/wp\/v2\/media?parent=62"}],"curies":[{"name":"wp","href":"https:\/\/api.w.org\/{rel}","templated":true}]}}